{"id":1437,"date":"2022-03-19T14:55:34","date_gmt":"2022-03-19T11:55:34","guid":{"rendered":"http:\/\/www.gokkusagi.org.tr\/?page_id=1437"},"modified":"2022-03-19T15:05:52","modified_gmt":"2022-03-19T12:05:52","slug":"bagis-yap","status":"publish","type":"page","link":"http:\/\/www.gokkusagi.org.tr\/index.php\/bagis-yap\/","title":{"rendered":"Ba\u011f\u0131\u015f Yap"},"content":{"rendered":"\t\t<div data-elementor-type=\"wp-page\" data-elementor-id=\"1437\" class=\"elementor elementor-1437\" data-elementor-settings=\"[]\">\n\t\t\t\t\t\t\t<div class=\"elementor-section-wrap\">\n\t\t\t\t\t\t\t<section class=\"elementor-section elementor-top-section elementor-element elementor-element-34adbb9 elementor-section-boxed elementor-section-height-default elementor-section-height-default\" data-id=\"34adbb9\" data-element_type=\"section\">\n\t\t\t\t\t\t<div class=\"elementor-container elementor-column-gap-default\">\n\t\t\t\t\t<div class=\"elementor-column elementor-col-100 elementor-top-column elementor-element elementor-element-4976b04\" data-id=\"4976b04\" data-element_type=\"column\">\n\t\t\t<div class=\"elementor-widget-wrap\">\n\t\t\t\t\t\t\t\t\t<\/div>\n\t\t<\/div>\n\t\t\t\t\t\t\t<\/div>\n\t\t<\/section>\n\t\t\t\t<section class=\"elementor-section elementor-top-section elementor-element elementor-element-5eac83c elementor-section-boxed elementor-section-height-default elementor-section-height-default\" data-id=\"5eac83c\" data-element_type=\"section\">\n\t\t\t\t\t\t<div class=\"elementor-container elementor-column-gap-default\">\n\t\t\t\t\t<div class=\"elementor-column elementor-col-100 elementor-top-column elementor-element elementor-element-2ad8bba\" data-id=\"2ad8bba\" data-element_type=\"column\">\n\t\t\t<div class=\"elementor-widget-wrap elementor-element-populated\">\n\t\t\t\t\t\t\t\t<div class=\"elementor-element elementor-element-cf0e472 elementor-widget elementor-widget-spacer\" data-id=\"cf0e472\" data-element_type=\"widget\" data-widget_type=\"spacer.default\">\n\t\t\t\t<div class=\"elementor-widget-container\">\n\t\t\t\t\t<div class=\"elementor-spacer\">\n\t\t\t<div class=\"elementor-spacer-inner\"><\/div>\n\t\t<\/div>\n\t\t\t\t<\/div>\n\t\t\t\t<\/div>\n\t\t\t\t\t<\/div>\n\t\t<\/div>\n\t\t\t\t\t\t\t<\/div>\n\t\t<\/section>\n\t\t\t\t<section class=\"elementor-section elementor-top-section elementor-element elementor-element-6139959 elementor-section-boxed elementor-section-height-default elementor-section-height-default\" data-id=\"6139959\" data-element_type=\"section\">\n\t\t\t\t\t\t<div class=\"elementor-container elementor-column-gap-default\">\n\t\t\t\t\t<div class=\"elementor-column elementor-col-100 elementor-top-column elementor-element elementor-element-bbe831e\" data-id=\"bbe831e\" data-element_type=\"column\">\n\t\t\t<div class=\"elementor-widget-wrap\">\n\t\t\t\t\t\t\t\t\t<\/div>\n\t\t<\/div>\n\t\t\t\t\t\t\t<\/div>\n\t\t<\/section>\n\t\t\t\t<section class=\"elementor-section elementor-top-section elementor-element elementor-element-9a66406 elementor-section-boxed elementor-section-height-default elementor-section-height-default\" data-id=\"9a66406\" data-element_type=\"section\">\n\t\t\t\t\t\t<div class=\"elementor-container elementor-column-gap-default\">\n\t\t\t\t\t<div class=\"elementor-column elementor-col-100 elementor-top-column elementor-element elementor-element-5f7b45d\" data-id=\"5f7b45d\" data-element_type=\"column\">\n\t\t\t<div class=\"elementor-widget-wrap elementor-element-populated\">\n\t\t\t\t\t\t\t\t<div class=\"elementor-element elementor-element-4f5bc36 elementor-widget elementor-widget-heading\" data-id=\"4f5bc36\" data-element_type=\"widget\" data-widget_type=\"heading.default\">\n\t\t\t\t<div class=\"elementor-widget-container\">\n\t\t\t<style>\/*! elementor - v3.5.6 - 28-02-2022 *\/\n.elementor-heading-title{padding:0;margin:0;line-height:1}.elementor-widget-heading .elementor-heading-title[class*=elementor-size-]>a{color:inherit;font-size:inherit;line-height:inherit}.elementor-widget-heading .elementor-heading-title.elementor-size-small{font-size:15px}.elementor-widget-heading .elementor-heading-title.elementor-size-medium{font-size:19px}.elementor-widget-heading .elementor-heading-title.elementor-size-large{font-size:29px}.elementor-widget-heading .elementor-heading-title.elementor-size-xl{font-size:39px}.elementor-widget-heading .elementor-heading-title.elementor-size-xxl{font-size:59px}<\/style><h3 class=\"elementor-heading-title elementor-size-default\">Ziraat Bankas\u0131 Van Be\u015fyol \u015eubesi<br><br>Hesap No<br> 70076326-5001<br><br>\n\u0130ban<br>TR79 0001 0021 6270 0763 2650 01\n<\/h3>\t\t<\/div>\n\t\t\t\t<\/div>\n\t\t\t\t\t<\/div>\n\t\t<\/div>\n\t\t\t\t\t\t\t<\/div>\n\t\t<\/section>\n\t\t\t\t\t\t<\/div>\n\t\t\t\t\t<\/div>\n\t\t","protected":false},"excerpt":{"rendered":"<p>Ziraat Bankas\u0131 Van Be\u015fyol \u015eubesi Hesap No 70076326-5001 \u0130banTR79 0001 0021 6270 0763 2650 01<\/p>\n","protected":false},"author":1,"featured_media":0,"parent":0,"menu_order":0,"comment_status":"closed","ping_status":"closed","template":"","meta":[],"_links":{"self":[{"href":"http:\/\/www.gokkusagi.org.tr\/index.php\/wp-json\/wp\/v2\/pages\/1437"}],"collection":[{"href":"http:\/\/www.gokkusagi.org.tr\/index.php\/wp-json\/wp\/v2\/pages"}],"about":[{"href":"http:\/\/www.gokkusagi.org.tr\/index.php\/wp-json\/wp\/v2\/types\/page"}],"author":[{"embeddable":true,"href":"http:\/\/www.gokkusagi.org.tr\/index.php\/wp-json\/wp\/v2\/users\/1"}],"replies":[{"embeddable":true,"href":"http:\/\/www.gokkusagi.org.tr\/index.php\/wp-json\/wp\/v2\/comments?post=1437"}],"version-history":[{"count":19,"href":"http:\/\/www.gokkusagi.org.tr\/index.php\/wp-json\/wp\/v2\/pages\/1437\/revisions"}],"predecessor-version":[{"id":1457,"href":"http:\/\/www.gokkusagi.org.tr\/index.php\/wp-json\/wp\/v2\/pages\/1437\/revisions\/1457"}],"wp:attachment":[{"href":"http:\/\/www.gokkusagi.org.tr\/index.php\/wp-json\/wp\/v2\/media?parent=1437"}],"curies":[{"name":"wp","href":"https:\/\/api.w.org\/{rel}","templated":true}]}}