{"id":2730,"date":"2023-04-15T12:12:25","date_gmt":"2023-04-15T09:12:25","guid":{"rendered":"http:\/\/www.gokkusagi.org.tr\/?page_id=2730"},"modified":"2023-04-15T12:12:26","modified_gmt":"2023-04-15T09:12:26","slug":"iftar-programi-egitim-birimi","status":"publish","type":"page","link":"http:\/\/www.gokkusagi.org.tr\/index.php\/iftar-programi-egitim-birimi\/","title":{"rendered":"\u0130ftar program\u0131 (E\u011fitim Birimi)"},"content":{"rendered":"","protected":false},"excerpt":{"rendered":"","protected":false},"author":1,"featured_media":0,"parent":0,"menu_order":0,"comment_status":"closed","ping_status":"closed","template":"","meta":[],"_links":{"self":[{"href":"http:\/\/www.gokkusagi.org.tr\/index.php\/wp-json\/wp\/v2\/pages\/2730"}],"collection":[{"href":"http:\/\/www.gokkusagi.org.tr\/index.php\/wp-json\/wp\/v2\/pages"}],"about":[{"href":"http:\/\/www.gokkusagi.org.tr\/index.php\/wp-json\/wp\/v2\/types\/page"}],"author":[{"embeddable":true,"href":"http:\/\/www.gokkusagi.org.tr\/index.php\/wp-json\/wp\/v2\/users\/1"}],"replies":[{"embeddable":true,"href":"http:\/\/www.gokkusagi.org.tr\/index.php\/wp-json\/wp\/v2\/comments?post=2730"}],"version-history":[{"count":1,"href":"http:\/\/www.gokkusagi.org.tr\/index.php\/wp-json\/wp\/v2\/pages\/2730\/revisions"}],"predecessor-version":[{"id":2731,"href":"http:\/\/www.gokkusagi.org.tr\/index.php\/wp-json\/wp\/v2\/pages\/2730\/revisions\/2731"}],"wp:attachment":[{"href":"http:\/\/www.gokkusagi.org.tr\/index.php\/wp-json\/wp\/v2\/media?parent=2730"}],"curies":[{"name":"wp","href":"https:\/\/api.w.org\/{rel}","templated":true}]}}