{"id":3168,"date":"2023-12-22T13:19:41","date_gmt":"2023-12-22T10:19:41","guid":{"rendered":"http:\/\/www.gokkusagi.org.tr\/?page_id=3168"},"modified":"2024-05-03T18:10:00","modified_gmt":"2024-05-03T15:10:00","slug":"duyurular","status":"publish","type":"page","link":"http:\/\/www.gokkusagi.org.tr\/index.php\/duyurular\/","title":{"rendered":"Duyurular"},"content":{"rendered":"\t\t<div data-elementor-type=\"wp-page\" data-elementor-id=\"3168\" class=\"elementor elementor-3168\" data-elementor-settings=\"[]\">\n\t\t\t\t\t\t\t<div class=\"elementor-section-wrap\">\n\t\t\t\t\t\t\t<section class=\"elementor-section elementor-top-section elementor-element elementor-element-c2acc2c elementor-section-boxed elementor-section-height-default elementor-section-height-default\" data-id=\"c2acc2c\" data-element_type=\"section\">\n\t\t\t\t\t\t<div class=\"elementor-container elementor-column-gap-default\">\n\t\t\t\t\t<div class=\"elementor-column elementor-col-100 elementor-top-column elementor-element elementor-element-9cb6b1f\" data-id=\"9cb6b1f\" data-element_type=\"column\">\n\t\t\t<div class=\"elementor-widget-wrap elementor-element-populated\">\n\t\t\t\t\t\t\t\t<div class=\"elementor-element elementor-element-e1fd773 elementor-widget elementor-widget-text-editor\" data-id=\"e1fd773\" data-element_type=\"widget\" data-widget_type=\"text-editor.default\">\n\t\t\t\t<div class=\"elementor-widget-container\">\n\t\t\t<style>\/*! elementor - v3.5.6 - 28-02-2022 *\/\n.elementor-widget-text-editor.elementor-drop-cap-view-stacked .elementor-drop-cap{background-color:#818a91;color:#fff}.elementor-widget-text-editor.elementor-drop-cap-view-framed .elementor-drop-cap{color:#818a91;border:3px solid;background-color:transparent}.elementor-widget-text-editor:not(.elementor-drop-cap-view-default) .elementor-drop-cap{margin-top:8px}.elementor-widget-text-editor:not(.elementor-drop-cap-view-default) .elementor-drop-cap-letter{width:1em;height:1em}.elementor-widget-text-editor .elementor-drop-cap{float:left;text-align:center;line-height:1;font-size:50px}.elementor-widget-text-editor .elementor-drop-cap-letter{display:inline-block}<\/style>\t\t\t\t<p class=\"MsoNormal\"><span style=\"letter-spacing: 0px;\">Kamuoyuna Duyurulur&#8230;<\/span><\/p>\n<p><\/p>\n<p class=\"MsoNormal\">&nbsp;Derne\u011fimiz Van<br>\nmerkezde hizmet vermekte olup E\u011fitim K\u00fclt\u00fcr ve Yard\u0131mla\u015fma faaliyetleri<br>\ny\u00fcr\u00fctmektedir. Faaliyetlerimiz aras\u0131nda e\u011fitim bursu da bulunmaktad\u0131r. Bu burs<br>\nba\u015fvurusu \u015fartlar\u0131 aras\u0131nda ilimizde e\u011fitim g\u00f6r\u00fcyor olmak ve verilen beyanlarla<br>\nihtiya\u00e7 sahibi oldu\u011funun tespit edilmesi gerekir. Burs kay\u0131tlar\u0131n\u0131n bizzat<br>\nyaz\u0131l\u0131 bir \u015fekilde yap\u0131lmas\u0131 ve form doldurulmas\u0131 istenmektedir. Bunun d\u0131\u015f\u0131nda<br>\nburs ba\u015fvurusu kabul edilmemektedir. Son d\u00f6nemde Derne\u011fimizin logosu<br>\nkullan\u0131larak sosyal medya \u00fczerinden ki\u015filere burs verilece\u011fi s\u00f6ylenerek evrak<br>\nistenmekte ve insanlar ma\u011fdur edilmektedir.&nbsp;<br>\nBu durum taraf\u0131m\u0131zca da takip edilmekte olup adli mercilere intikal<br>\netmi\u015ftir. At\u0131lan bu mesajlar\u0131n Derne\u011fimizle uzaktan yak\u0131ndan hi\u00e7bir alakas\u0131<br>\nyoktur. B\u00f6yle bir mesajla kar\u015f\u0131la\u015fan ki\u015filerin buna itibar etmemeleri ve \u0130lgili<br>\nbirimlere \u015fikayette bulunmalar\u0131 \u00f6nemle rica olunur.<o:p><\/o:p><\/p>\t\t\t\t\t\t<\/div>\n\t\t\t\t<\/div>\n\t\t\t\t\t<\/div>\n\t\t<\/div>\n\t\t\t\t\t\t\t<\/div>\n\t\t<\/section>\n\t\t\t\t<section class=\"elementor-section elementor-top-section elementor-element elementor-element-4dfffb7 elementor-section-boxed elementor-section-height-default elementor-section-height-default\" data-id=\"4dfffb7\" data-element_type=\"section\">\n\t\t\t\t\t\t<div class=\"elementor-container elementor-column-gap-default\">\n\t\t\t\t\t<div class=\"elementor-column elementor-col-100 elementor-top-column elementor-element elementor-element-032a7bd\" data-id=\"032a7bd\" data-element_type=\"column\">\n\t\t\t<div class=\"elementor-widget-wrap elementor-element-populated\">\n\t\t\t\t\t\t\t\t<div class=\"elementor-element elementor-element-d7ff033 elementor-widget elementor-widget-text-editor\" data-id=\"d7ff033\" data-element_type=\"widget\" data-widget_type=\"text-editor.default\">\n\t\t\t\t<div class=\"elementor-widget-container\">\n\t\t\t\t\t\t\t<p class=\"MsoNormal\">&nbsp;&nbsp;&nbsp;&nbsp;\u00c7ok K\u0131ymetli G\u00f6n\u00fclda\u015flar\u0131m\u0131z, <o:p><\/o:p><\/p><p class=\"MsoNormal\">&nbsp;&nbsp; Malumlar\u0131n\u0131z oldu\u011fu\n\u00fczere Orta Do\u011fu\u2018nun kanayan yaras\u0131 olan Filistin meselesi devam etmektedir. \u0130srail\u2019in\nac\u0131mas\u0131zca sald\u0131r\u0131lar\u0131 alt\u0131nda ezilen mazlum Filistin\u2019li karde\u015flerimizin\nyaralar\u0131n\u0131 sarmak i\u00e7in ilimizde kurulan Filistin\u2019e Destek Platformu\u2019nun Be\u015fyol\nMeydan\u0131\u2019nda kurmu\u015f oldu\u011fu kermes \u00e7ad\u0131r\u0131nda yar\u0131n g\u00fcn boyu dernek olarak\nbulunaca\u011f\u0131z. \u00dcmmeti ilgilendiren b\u00fct\u00fcn&nbsp; meselelerde\noldu\u011fu gibi, bu meselede de karde\u015flerimizin yan\u0131nda oldu\u011fumuzu hissettirece\u011fiz.\nKonuya duyarl\u0131 ki\u015filer olarak yar\u0131n kermes alan\u0131nda bulunarak hem sat\u0131lan\n\u00fcr\u00fcnleri alarak hem de bilin\u00e7lendirme faaliyetini ger\u00e7ekle\u015ftirece\u011fiz.<o:p><\/o:p><\/p><p>\n\n\n\n<\/p><p class=\"MsoNormal\">&nbsp;&nbsp; &nbsp;Bu ba\u011flamda yar\u0131n (Cumartesi) herkesi \u00e7ad\u0131r\u0131m\u0131z\u0131n\netraf\u0131nda kenetlenmeye ve Filistin\u2019in&nbsp;\nsesi olmaya davet ediyoruz.<o:p><\/o:p><\/p>\t\t\t\t\t\t<\/div>\n\t\t\t\t<\/div>\n\t\t\t\t\t<\/div>\n\t\t<\/div>\n\t\t\t\t\t\t\t<\/div>\n\t\t<\/section>\n\t\t\t\t<section class=\"elementor-section elementor-top-section elementor-element elementor-element-07a03e9 elementor-section-boxed elementor-section-height-default elementor-section-height-default\" data-id=\"07a03e9\" data-element_type=\"section\">\n\t\t\t\t\t\t<div class=\"elementor-container elementor-column-gap-default\">\n\t\t\t\t\t<div class=\"elementor-column elementor-col-100 elementor-top-column elementor-element elementor-element-7dac2df\" data-id=\"7dac2df\" data-element_type=\"column\">\n\t\t\t<div class=\"elementor-widget-wrap elementor-element-populated\">\n\t\t\t\t\t\t\t\t<div class=\"elementor-element elementor-element-d3f75e2 elementor-widget elementor-widget-text-editor\" data-id=\"d3f75e2\" data-element_type=\"widget\" data-widget_type=\"text-editor.default\">\n\t\t\t\t<div class=\"elementor-widget-container\">\n\t\t\t\t\t\t\t<p>\u00a0 \u00a0Kamoyuna Duyurulur\u2026<\/p><p>\u00a0<\/p><p>\u00a0 \u00a0 \u00a0 \u00a0G\u00f6kku\u015fa\u011f\u0131 E\u011fitim K\u00fclt\u00fcr ve Yard\u0131mla\u015fma Derne\u011fi&#8217;mizin 11. ola\u011fan Genel Kurulu Toplant\u0131s\u0131, 12.05.2024 Pazar g\u00fcn\u00fc saat 13.30&#8217;da Vali Mithat bey Mahallesi be\u015f yol sar\u0131 murat Sokak no:5 \u0130pekyolu\/Van,\u00a0 adresinde bulunan dernek binam\u0131z b\u00fcnyesindeki Zeki Tun\u00e7t\u00fcrk\u00a0 Konferans Salonu\u2019nda yap\u0131lacakt\u0131r.<\/p><p>\u00a0<\/p><p>\u00a0\u00a0\u00a0\u00a0 Genel Kurulumuza t\u00fcm halk\u0131m\u0131z davetlidir.<\/p>\t\t\t\t\t\t<\/div>\n\t\t\t\t<\/div>\n\t\t\t\t\t<\/div>\n\t\t<\/div>\n\t\t\t\t\t\t\t<\/div>\n\t\t<\/section>\n\t\t\t\t\t\t<\/div>\n\t\t\t\t\t<\/div>\n\t\t","protected":false},"excerpt":{"rendered":"<p>Kamuoyuna Duyurulur&#8230; &nbsp;Derne\u011fimiz Van merkezde hizmet vermekte olup E\u011fitim K\u00fclt\u00fcr ve Yard\u0131mla\u015fma faaliyetleri y\u00fcr\u00fctmektedir. Faaliyetlerimiz aras\u0131nda e\u011fitim bursu da bulunmaktad\u0131r. Bu burs ba\u015fvurusu \u015fartlar\u0131 aras\u0131nda ilimizde<span class=\"excerpt-hellip\"> [\u2026]<\/span><\/p>\n","protected":false},"author":1,"featured_media":0,"parent":0,"menu_order":0,"comment_status":"closed","ping_status":"closed","template":"","meta":[],"_links":{"self":[{"href":"http:\/\/www.gokkusagi.org.tr\/index.php\/wp-json\/wp\/v2\/pages\/3168"}],"collection":[{"href":"http:\/\/www.gokkusagi.org.tr\/index.php\/wp-json\/wp\/v2\/pages"}],"about":[{"href":"http:\/\/www.gokkusagi.org.tr\/index.php\/wp-json\/wp\/v2\/types\/page"}],"author":[{"embeddable":true,"href":"http:\/\/www.gokkusagi.org.tr\/index.php\/wp-json\/wp\/v2\/users\/1"}],"replies":[{"embeddable":true,"href":"http:\/\/www.gokkusagi.org.tr\/index.php\/wp-json\/wp\/v2\/comments?post=3168"}],"version-history":[{"count":22,"href":"http:\/\/www.gokkusagi.org.tr\/index.php\/wp-json\/wp\/v2\/pages\/3168\/revisions"}],"predecessor-version":[{"id":3244,"href":"http:\/\/www.gokkusagi.org.tr\/index.php\/wp-json\/wp\/v2\/pages\/3168\/revisions\/3244"}],"wp:attachment":[{"href":"http:\/\/www.gokkusagi.org.tr\/index.php\/wp-json\/wp\/v2\/media?parent=3168"}],"curies":[{"name":"wp","href":"https:\/\/api.w.org\/{rel}","templated":true}]}}