{"id":32,"date":"2020-04-15T09:41:52","date_gmt":"2020-04-15T06:41:52","guid":{"rendered":"https:\/\/themes.muffingroup.com\/be\/charity3\/?page_id=32"},"modified":"2022-03-19T14:50:16","modified_gmt":"2022-03-19T11:50:16","slug":"success-stories","status":"publish","type":"page","link":"http:\/\/www.gokkusagi.org.tr\/index.php\/success-stories\/","title":{"rendered":"Haberler"},"content":{"rendered":"\t\t<div data-elementor-type=\"wp-page\" data-elementor-id=\"32\" class=\"elementor elementor-32\" data-elementor-settings=\"[]\">\n\t\t\t\t\t\t\t<div class=\"elementor-section-wrap\">\n\t\t\t\t\t\t\t<section class=\"elementor-section elementor-top-section elementor-element elementor-element-428380e elementor-section-stretched elementor-section-boxed elementor-section-height-default elementor-section-height-default elementor-invisible\" data-id=\"428380e\" data-element_type=\"section\" data-settings=\"{&quot;stretch_section&quot;:&quot;section-stretched&quot;,&quot;background_background&quot;:&quot;classic&quot;,&quot;animation&quot;:&quot;fadeIn&quot;}\">\n\t\t\t\t\t\t<div class=\"elementor-container elementor-column-gap-wider\">\n\t\t\t\t\t<div class=\"elementor-column elementor-col-100 elementor-top-column elementor-element elementor-element-3bdf0c2\" data-id=\"3bdf0c2\" data-element_type=\"column\">\n\t\t\t<div class=\"elementor-widget-wrap elementor-element-populated\">\n\t\t\t\t\t\t\t\t<div class=\"elementor-element elementor-element-621a1cc elementor-invisible elementor-widget elementor-widget-text-editor\" data-id=\"621a1cc\" data-element_type=\"widget\" data-settings=\"{&quot;_animation&quot;:&quot;fadeInRight&quot;}\" data-widget_type=\"text-editor.default\">\n\t\t\t\t<div class=\"elementor-widget-container\">\n\t\t\t<style>\/*! elementor - v3.5.6 - 28-02-2022 *\/\n.elementor-widget-text-editor.elementor-drop-cap-view-stacked .elementor-drop-cap{background-color:#818a91;color:#fff}.elementor-widget-text-editor.elementor-drop-cap-view-framed .elementor-drop-cap{color:#818a91;border:3px solid;background-color:transparent}.elementor-widget-text-editor:not(.elementor-drop-cap-view-default) .elementor-drop-cap{margin-top:8px}.elementor-widget-text-editor:not(.elementor-drop-cap-view-default) .elementor-drop-cap-letter{width:1em;height:1em}.elementor-widget-text-editor .elementor-drop-cap{float:left;text-align:center;line-height:1;font-size:50px}.elementor-widget-text-editor .elementor-drop-cap-letter{display:inline-block}<\/style>\t\t\t\t<h3><span style=\"color: #333333;\"><strong>Bizden Haberler<\/strong><\/span><\/h3>\t\t\t\t\t\t<\/div>\n\t\t\t\t<\/div>\n\t\t\t\t<div class=\"elementor-element elementor-element-5ff1c9a elementor-invisible elementor-widget elementor-widget-mfn_blog\" data-id=\"5ff1c9a\" data-element_type=\"widget\" data-settings=\"{&quot;_animation&quot;:&quot;fadeIn&quot;}\" data-widget_type=\"mfn_blog.default\">\n\t\t\t\t<div class=\"elementor-widget-container\">\n\t\t\t<div class=\"column_filters\"><div class=\"blog_wrapper isotope_wrapper clearfix\"><div class=\"posts_group lm_wrapper col- classic\"><div class=\"post-item isotope-item clearfix post-3817 post type-post status-publish format-standard has-post-thumbnail hentry category-genel\" style=\"\"><div class=\"date_label\">26 Mart 2026<\/div><div class=\"image_frame post-photo-wrapper scale-with-grid images_only\"><div class=\"image_wrapper\"><a href=\"http:\/\/www.gokkusagi.org.tr\/index.php\/2026\/03\/26\/ramazan-programlari\/\"><div class=\"mask\"><\/div><img width=\"780\" height=\"720\" src=\"http:\/\/www.gokkusagi.org.tr\/wp-content\/uploads\/2026\/03\/89af9d11-860d-44be-b1f1-717bb8df368c-780x720.jpg\" class=\"scale-with-grid wp-post-image\" alt=\"\" loading=\"lazy\" \/><\/a><div class=\"image_links double\"><a class=\"zoom \"  rel=\"prettyphoto\" href=\"http:\/\/www.gokkusagi.org.tr\/wp-content\/uploads\/2026\/03\/89af9d11-860d-44be-b1f1-717bb8df368c-576x1024.jpg\"><svg viewBox=\"0 0 26 26\"><defs><style>.path{fill:none;stroke:#333;stroke-miterlimit:10;stroke-width:1.5px;}<\/style><\/defs><circle cx=\"11.35\" cy=\"11.35\" r=\"6\" class=\"path\"><\/circle><line x1=\"15.59\" y1=\"15.59\" x2=\"20.65\" y2=\"20.65\" class=\"path\"><\/line><\/svg><\/a><a class=\"link \"  href=\"http:\/\/www.gokkusagi.org.tr\/index.php\/2026\/03\/26\/ramazan-programlari\/\"><svg viewBox=\"0 0 26 26\"><defs><style>.path{fill:none;stroke:#333;stroke-miterlimit:10;stroke-width:1.5px;}<\/style><\/defs><g><path d=\"M10.17,8.76l2.12-2.12a5,5,0,0,1,7.07,0h0a5,5,0,0,1,0,7.07l-2.12,2.12\" class=\"path\"><\/path><path d=\"M15.83,17.24l-2.12,2.12a5,5,0,0,1-7.07,0h0a5,5,0,0,1,0-7.07l2.12-2.12\" class=\"path\"><\/path><line x1=\"10.17\" y1=\"15.83\" x2=\"15.83\" y2=\"10.17\" class=\"path\"><\/line><\/g><\/svg><\/a><\/div><\/div><\/div><div class=\"post-desc-wrapper bg- has-custom-bg\" style=\"\"><div class=\"post-desc\"><div class=\"post-head\"><\/div><div class=\"post-title\"><h4 class=\"entry-title\" itemprop=\"headline\"><a href=\"http:\/\/www.gokkusagi.org.tr\/index.php\/2026\/03\/26\/ramazan-programlari\/\">Ramazan Programlar\u0131<\/a><\/h4><\/div><div class=\"post-excerpt\">\u00a0 G\u00f6kku\u015fa\u011f\u0131 E\u011fitim K\u00fclt\u00fcr ve Yard\u0131mla\u015fma Derne\u011fi birimleri (E\u011fitim birimi, Esnaf Birimi Gen\u00e7lik Birimi Kad\u0131n Birimi) taraf\u0131ndan icra edilen Ramazan \u0130ftar programlar\u0131ndan toplam 400 Ki\u015fiye iftar<span class=\"excerpt-hellip\"> [\u2026]<\/span><\/div><div class=\"post-footer\"><div class=\"button-love\"><span class=\"love-text\">Sevdiniz mi?<\/span><a href=\"#\" class=\"mfn-love \" data-id=\"3817\"><span class=\"icons-wrapper\"><i class=\"icon-heart-empty-fa\"><\/i><i class=\"icon-heart-fa\"><\/i><\/span><span class=\"label\">0<\/span><\/a><\/div><div class=\"post-links\"><i class=\"icon-comment-empty-fa\"><\/i> <a href=\"http:\/\/www.gokkusagi.org.tr\/index.php\/2026\/03\/26\/ramazan-programlari\/#respond\" class=\"post-comments\">0<\/a><i class=\"icon-doc-text\"><\/i> <a href=\"http:\/\/www.gokkusagi.org.tr\/index.php\/2026\/03\/26\/ramazan-programlari\/\" class=\"post-more\">Daha fazla oku<\/a><\/div><\/div><\/div><\/div><\/div><div class=\"post-item isotope-item clearfix post-3796 post type-post status-publish format-standard has-post-thumbnail hentry category-genel\" style=\"\"><div class=\"date_label\">25 Mart 2026<\/div><div class=\"image_frame post-photo-wrapper scale-with-grid images_only\"><div class=\"image_wrapper\"><a href=\"http:\/\/www.gokkusagi.org.tr\/index.php\/2026\/03\/25\/bayramlasma-programi-6\/\"><div class=\"mask\"><\/div><img width=\"780\" height=\"720\" src=\"http:\/\/www.gokkusagi.org.tr\/wp-content\/uploads\/2026\/03\/b1193389-fc7e-43be-a115-02900d621dcf-780x720.jpg\" class=\"scale-with-grid wp-post-image\" alt=\"\" loading=\"lazy\" \/><\/a><div class=\"image_links double\"><a class=\"zoom \"  rel=\"prettyphoto\" href=\"http:\/\/www.gokkusagi.org.tr\/wp-content\/uploads\/2026\/03\/b1193389-fc7e-43be-a115-02900d621dcf-1024x768.jpg\"><svg viewBox=\"0 0 26 26\"><defs><style>.path{fill:none;stroke:#333;stroke-miterlimit:10;stroke-width:1.5px;}<\/style><\/defs><circle cx=\"11.35\" cy=\"11.35\" r=\"6\" class=\"path\"><\/circle><line x1=\"15.59\" y1=\"15.59\" x2=\"20.65\" y2=\"20.65\" class=\"path\"><\/line><\/svg><\/a><a class=\"link \"  href=\"http:\/\/www.gokkusagi.org.tr\/index.php\/2026\/03\/25\/bayramlasma-programi-6\/\"><svg viewBox=\"0 0 26 26\"><defs><style>.path{fill:none;stroke:#333;stroke-miterlimit:10;stroke-width:1.5px;}<\/style><\/defs><g><path d=\"M10.17,8.76l2.12-2.12a5,5,0,0,1,7.07,0h0a5,5,0,0,1,0,7.07l-2.12,2.12\" class=\"path\"><\/path><path d=\"M15.83,17.24l-2.12,2.12a5,5,0,0,1-7.07,0h0a5,5,0,0,1,0-7.07l2.12-2.12\" class=\"path\"><\/path><line x1=\"10.17\" y1=\"15.83\" x2=\"15.83\" y2=\"10.17\" class=\"path\"><\/line><\/g><\/svg><\/a><\/div><\/div><\/div><div class=\"post-desc-wrapper bg- has-custom-bg\" style=\"\"><div class=\"post-desc\"><div class=\"post-head\"><\/div><div class=\"post-title\"><h4 class=\"entry-title\" itemprop=\"headline\"><a href=\"http:\/\/www.gokkusagi.org.tr\/index.php\/2026\/03\/25\/bayramlasma-programi-6\/\">Bayramla\u015fma Program\u0131<\/a><\/h4><\/div><div class=\"post-excerpt\">&nbsp; G\u00f6kku\u015fa\u011f\u0131 E\u011fitim K\u00fclt\u00fcr ve Yard\u0131mla\u015fma Derne\u011fi taraf\u0131ndan \u2018Bayramla\u015fma Program\u0131\u2019 d\u00fczenlendi..! &nbsp;&nbsp; 21.03.20226 saat 11.00\u2019da ba\u015flay\u0131p,12.00 sular\u0131nda biten program kat\u0131l\u0131mc\u0131lar\u0131n bayramla\u015fmas\u0131 sonras\u0131 s\u00f6z\u00fc alan dernek \u00e7al\u0131\u015fmalar\u0131na<span class=\"excerpt-hellip\"> [\u2026]<\/span><\/div><div class=\"post-footer\"><div class=\"button-love\"><span class=\"love-text\">Sevdiniz mi?<\/span><a href=\"#\" class=\"mfn-love \" data-id=\"3796\"><span class=\"icons-wrapper\"><i class=\"icon-heart-empty-fa\"><\/i><i class=\"icon-heart-fa\"><\/i><\/span><span class=\"label\">0<\/span><\/a><\/div><div class=\"post-links\"><i class=\"icon-comment-empty-fa\"><\/i> <a href=\"http:\/\/www.gokkusagi.org.tr\/index.php\/2026\/03\/25\/bayramlasma-programi-6\/#respond\" class=\"post-comments\">0<\/a><i class=\"icon-doc-text\"><\/i> <a href=\"http:\/\/www.gokkusagi.org.tr\/index.php\/2026\/03\/25\/bayramlasma-programi-6\/\" class=\"post-more\">Daha fazla oku<\/a><\/div><\/div><\/div><\/div><\/div><div class=\"post-item isotope-item clearfix post-3766 post type-post status-publish format-standard has-post-thumbnail hentry category-genel\" style=\"\"><div class=\"date_label\">22 \u015eubat 2026<\/div><div class=\"image_frame post-photo-wrapper scale-with-grid images_only\"><div class=\"image_wrapper\"><a href=\"http:\/\/www.gokkusagi.org.tr\/index.php\/2026\/02\/22\/bilgi-yarismasi-programi\/\"><div class=\"mask\"><\/div><img width=\"780\" height=\"720\" src=\"http:\/\/www.gokkusagi.org.tr\/wp-content\/uploads\/2026\/02\/a26da522-7cc0-4aba-ab2f-2a8f7196cdd3-1-780x720.jpg\" class=\"scale-with-grid wp-post-image\" alt=\"\" loading=\"lazy\" \/><\/a><div class=\"image_links double\"><a class=\"zoom \"  rel=\"prettyphoto\" href=\"http:\/\/www.gokkusagi.org.tr\/wp-content\/uploads\/2026\/02\/a26da522-7cc0-4aba-ab2f-2a8f7196cdd3-1-1024x576.jpg\"><svg viewBox=\"0 0 26 26\"><defs><style>.path{fill:none;stroke:#333;stroke-miterlimit:10;stroke-width:1.5px;}<\/style><\/defs><circle cx=\"11.35\" cy=\"11.35\" r=\"6\" class=\"path\"><\/circle><line x1=\"15.59\" y1=\"15.59\" x2=\"20.65\" y2=\"20.65\" class=\"path\"><\/line><\/svg><\/a><a class=\"link \"  href=\"http:\/\/www.gokkusagi.org.tr\/index.php\/2026\/02\/22\/bilgi-yarismasi-programi\/\"><svg viewBox=\"0 0 26 26\"><defs><style>.path{fill:none;stroke:#333;stroke-miterlimit:10;stroke-width:1.5px;}<\/style><\/defs><g><path d=\"M10.17,8.76l2.12-2.12a5,5,0,0,1,7.07,0h0a5,5,0,0,1,0,7.07l-2.12,2.12\" class=\"path\"><\/path><path d=\"M15.83,17.24l-2.12,2.12a5,5,0,0,1-7.07,0h0a5,5,0,0,1,0-7.07l2.12-2.12\" class=\"path\"><\/path><line x1=\"10.17\" y1=\"15.83\" x2=\"15.83\" y2=\"10.17\" class=\"path\"><\/line><\/g><\/svg><\/a><\/div><\/div><\/div><div class=\"post-desc-wrapper bg- has-custom-bg\" style=\"\"><div class=\"post-desc\"><div class=\"post-head\"><\/div><div class=\"post-title\"><h4 class=\"entry-title\" itemprop=\"headline\"><a href=\"http:\/\/www.gokkusagi.org.tr\/index.php\/2026\/02\/22\/bilgi-yarismasi-programi\/\">Bilgi Yar\u0131\u015fmas\u0131 Program\u0131<\/a><\/h4><\/div><div class=\"post-excerpt\">G\u00f6kku\u015fa\u011f\u0131 E\u011fitim ve Yard\u0131mla\u015fma Derne\u011fi \u00a0taraf\u0131ndan lise \u00f6\u011frencilerine y\u00f6nelik \u00f6\u011frencilerin \u2018Siyer \u2019 bilgilerini peki\u015ftirmelerini sa\u011flamak i\u00e7in\u00a0\u00a0\u2018\u00d6d\u00fcll\u00fc Bilgi Yar\u0131\u015fmas\u0131 Program\u0131\u2019\u00a0 d\u00fczenlendi..! \u00a0\u00a0\u00a031.01.2026 Saat 13.30\u2019da ba\u015flay\u0131p 18.30 sular\u0131nda<span class=\"excerpt-hellip\"> [\u2026]<\/span><\/div><div class=\"post-footer\"><div class=\"button-love\"><span class=\"love-text\">Sevdiniz mi?<\/span><a href=\"#\" class=\"mfn-love \" data-id=\"3766\"><span class=\"icons-wrapper\"><i class=\"icon-heart-empty-fa\"><\/i><i class=\"icon-heart-fa\"><\/i><\/span><span class=\"label\">0<\/span><\/a><\/div><div class=\"post-links\"><i class=\"icon-comment-empty-fa\"><\/i> <a href=\"http:\/\/www.gokkusagi.org.tr\/index.php\/2026\/02\/22\/bilgi-yarismasi-programi\/#respond\" class=\"post-comments\">0<\/a><i class=\"icon-doc-text\"><\/i> <a href=\"http:\/\/www.gokkusagi.org.tr\/index.php\/2026\/02\/22\/bilgi-yarismasi-programi\/\" class=\"post-more\">Daha fazla oku<\/a><\/div><\/div><\/div><\/div><\/div><div class=\"post-item isotope-item clearfix post-3750 post type-post status-publish format-standard has-post-thumbnail hentry category-genel\" style=\"\"><div class=\"date_label\">16 \u015eubat 2026<\/div><div class=\"image_frame post-photo-wrapper scale-with-grid images_only\"><div class=\"image_wrapper\"><a href=\"http:\/\/www.gokkusagi.org.tr\/index.php\/2026\/02\/16\/konferans-programi-7\/\"><div class=\"mask\"><\/div><img width=\"780\" height=\"720\" src=\"http:\/\/www.gokkusagi.org.tr\/wp-content\/uploads\/2026\/02\/b261fade-347c-4bd9-af92-65604a991622-780x720.jpg\" class=\"scale-with-grid wp-post-image\" alt=\"\" loading=\"lazy\" \/><\/a><div class=\"image_links double\"><a class=\"zoom \"  rel=\"prettyphoto\" href=\"http:\/\/www.gokkusagi.org.tr\/wp-content\/uploads\/2026\/02\/b261fade-347c-4bd9-af92-65604a991622-1024x768.jpg\"><svg viewBox=\"0 0 26 26\"><defs><style>.path{fill:none;stroke:#333;stroke-miterlimit:10;stroke-width:1.5px;}<\/style><\/defs><circle cx=\"11.35\" cy=\"11.35\" r=\"6\" class=\"path\"><\/circle><line x1=\"15.59\" y1=\"15.59\" x2=\"20.65\" y2=\"20.65\" class=\"path\"><\/line><\/svg><\/a><a class=\"link \"  href=\"http:\/\/www.gokkusagi.org.tr\/index.php\/2026\/02\/16\/konferans-programi-7\/\"><svg viewBox=\"0 0 26 26\"><defs><style>.path{fill:none;stroke:#333;stroke-miterlimit:10;stroke-width:1.5px;}<\/style><\/defs><g><path d=\"M10.17,8.76l2.12-2.12a5,5,0,0,1,7.07,0h0a5,5,0,0,1,0,7.07l-2.12,2.12\" class=\"path\"><\/path><path d=\"M15.83,17.24l-2.12,2.12a5,5,0,0,1-7.07,0h0a5,5,0,0,1,0-7.07l2.12-2.12\" class=\"path\"><\/path><line x1=\"10.17\" y1=\"15.83\" x2=\"15.83\" y2=\"10.17\" class=\"path\"><\/line><\/g><\/svg><\/a><\/div><\/div><\/div><div class=\"post-desc-wrapper bg- has-custom-bg\" style=\"\"><div class=\"post-desc\"><div class=\"post-head\"><\/div><div class=\"post-title\"><h4 class=\"entry-title\" itemprop=\"headline\"><a href=\"http:\/\/www.gokkusagi.org.tr\/index.php\/2026\/02\/16\/konferans-programi-7\/\">Konferans Program\u0131<\/a><\/h4><\/div><div class=\"post-excerpt\">\u00a0 \u00a0 \u00a0G\u00f6kku\u015fa\u011f\u0131 E\u011fitim K\u00fclt\u00fcr ve Yard\u0131mla\u015fma Derne\u011fi taraf\u0131ndan Prof. Dr. Emin Ya\u015far Demirci\u2019nin konuk oldu\u011fu \u2018T\u00fcrkiye\u2019nin Modernle\u015fme Tarihi\u2019 \u00fcst ba\u015fl\u0131kl\u0131 bir konferans program\u0131 d\u00fczenlendi. \u00a0<span class=\"excerpt-hellip\"> [\u2026]<\/span><\/div><div class=\"post-footer\"><div class=\"button-love\"><span class=\"love-text\">Sevdiniz mi?<\/span><a href=\"#\" class=\"mfn-love \" data-id=\"3750\"><span class=\"icons-wrapper\"><i class=\"icon-heart-empty-fa\"><\/i><i class=\"icon-heart-fa\"><\/i><\/span><span class=\"label\">1<\/span><\/a><\/div><div class=\"post-links\"><i class=\"icon-comment-empty-fa\"><\/i> <a href=\"http:\/\/www.gokkusagi.org.tr\/index.php\/2026\/02\/16\/konferans-programi-7\/#respond\" class=\"post-comments\">0<\/a><i class=\"icon-doc-text\"><\/i> <a href=\"http:\/\/www.gokkusagi.org.tr\/index.php\/2026\/02\/16\/konferans-programi-7\/\" class=\"post-more\">Daha fazla oku<\/a><\/div><\/div><\/div><\/div><\/div><\/div><\/div>\n<\/div>\n\t\t<\/div>\n\t\t\t\t<\/div>\n\t\t\t\t\t<\/div>\n\t\t<\/div>\n\t\t\t\t\t\t\t<\/div>\n\t\t<\/section>\n\t\t\t\t\t\t<\/div>\n\t\t\t\t\t<\/div>\n\t\t","protected":false},"excerpt":{"rendered":"<p>Bizden Haberler 20 December 2020 \u0130yilik Der Birimi Lorem ipsum dolor sit amet enim. Etiam porta. Suspendisse a pellentesque dui, non felis. Maecenas malesuada elit lectus<span class=\"excerpt-hellip\"> [\u2026]<\/span><\/p>\n","protected":false},"author":1,"featured_media":0,"parent":0,"menu_order":0,"comment_status":"closed","ping_status":"closed","template":"","meta":[],"_links":{"self":[{"href":"http:\/\/www.gokkusagi.org.tr\/index.php\/wp-json\/wp\/v2\/pages\/32"}],"collection":[{"href":"http:\/\/www.gokkusagi.org.tr\/index.php\/wp-json\/wp\/v2\/pages"}],"about":[{"href":"http:\/\/www.gokkusagi.org.tr\/index.php\/wp-json\/wp\/v2\/types\/page"}],"author":[{"embeddable":true,"href":"http:\/\/www.gokkusagi.org.tr\/index.php\/wp-json\/wp\/v2\/users\/1"}],"replies":[{"embeddable":true,"href":"http:\/\/www.gokkusagi.org.tr\/index.php\/wp-json\/wp\/v2\/comments?post=32"}],"version-history":[{"count":38,"href":"http:\/\/www.gokkusagi.org.tr\/index.php\/wp-json\/wp\/v2\/pages\/32\/revisions"}],"predecessor-version":[{"id":1432,"href":"http:\/\/www.gokkusagi.org.tr\/index.php\/wp-json\/wp\/v2\/pages\/32\/revisions\/1432"}],"wp:attachment":[{"href":"http:\/\/www.gokkusagi.org.tr\/index.php\/wp-json\/wp\/v2\/media?parent=32"}],"curies":[{"name":"wp","href":"https:\/\/api.w.org\/{rel}","templated":true}]}}