{"id":628,"date":"2022-02-14T12:20:18","date_gmt":"2022-02-14T09:20:18","guid":{"rendered":"http:\/\/www.gokkusagi.org.tr\/?page_id=628"},"modified":"2022-03-01T12:46:21","modified_gmt":"2022-03-01T09:46:21","slug":"kadin-birimi","status":"publish","type":"page","link":"http:\/\/www.gokkusagi.org.tr\/index.php\/kadin-birimi\/","title":{"rendered":"Kad\u0131n Birimi"},"content":{"rendered":"\t\t<div data-elementor-type=\"wp-page\" data-elementor-id=\"628\" class=\"elementor elementor-628\" data-elementor-settings=\"[]\">\n\t\t\t\t\t\t\t<div class=\"elementor-section-wrap\">\n\t\t\t\t\t\t\t<section class=\"elementor-section elementor-top-section elementor-element elementor-element-9b36385 elementor-section-boxed elementor-section-height-default elementor-section-height-default\" data-id=\"9b36385\" data-element_type=\"section\">\n\t\t\t\t\t\t<div class=\"elementor-container elementor-column-gap-default\">\n\t\t\t\t\t<div class=\"elementor-column elementor-col-100 elementor-top-column elementor-element elementor-element-62fa902\" data-id=\"62fa902\" data-element_type=\"column\">\n\t\t\t<div class=\"elementor-widget-wrap elementor-element-populated\">\n\t\t\t\t\t\t\t\t<div class=\"elementor-element elementor-element-19f1b7e elementor-widget elementor-widget-spacer\" data-id=\"19f1b7e\" data-element_type=\"widget\" data-widget_type=\"spacer.default\">\n\t\t\t\t<div class=\"elementor-widget-container\">\n\t\t\t\t\t<div class=\"elementor-spacer\">\n\t\t\t<div class=\"elementor-spacer-inner\"><\/div>\n\t\t<\/div>\n\t\t\t\t<\/div>\n\t\t\t\t<\/div>\n\t\t\t\t\t<\/div>\n\t\t<\/div>\n\t\t\t\t\t\t\t<\/div>\n\t\t<\/section>\n\t\t\t\t<section class=\"elementor-section elementor-top-section elementor-element elementor-element-83387b5 elementor-section-boxed elementor-section-height-default elementor-section-height-default\" data-id=\"83387b5\" data-element_type=\"section\">\n\t\t\t\t\t\t<div class=\"elementor-container elementor-column-gap-default\">\n\t\t\t\t\t<div class=\"elementor-column elementor-col-100 elementor-top-column elementor-element elementor-element-fc68a6f\" data-id=\"fc68a6f\" data-element_type=\"column\">\n\t\t\t<div class=\"elementor-widget-wrap elementor-element-populated\">\n\t\t\t\t\t\t\t\t<div class=\"elementor-element elementor-element-4b63cfb elementor-invisible elementor-widget elementor-widget-image\" data-id=\"4b63cfb\" data-element_type=\"widget\" data-settings=\"{&quot;_animation&quot;:&quot;fadeInLeft&quot;}\" data-widget_type=\"image.default\">\n\t\t\t\t<div class=\"elementor-widget-container\">\n\t\t\t<style>\/*! elementor - v3.5.6 - 28-02-2022 *\/\n.elementor-widget-image{text-align:center}.elementor-widget-image a{display:inline-block}.elementor-widget-image a img[src$=\".svg\"]{width:48px}.elementor-widget-image img{vertical-align:middle;display:inline-block}<\/style>\t\t\t\t\t\t\t\t\t\t\t\t<img width=\"630\" height=\"420\" src=\"http:\/\/www.gokkusagi.org.tr\/wp-content\/uploads\/2022\/02\/kadin-1.png\" class=\"attachment-1536x1536 size-1536x1536\" alt=\"\" loading=\"lazy\" srcset=\"http:\/\/www.gokkusagi.org.tr\/wp-content\/uploads\/2022\/02\/kadin-1.png 630w, http:\/\/www.gokkusagi.org.tr\/wp-content\/uploads\/2022\/02\/kadin-1-300x200.png 300w, http:\/\/www.gokkusagi.org.tr\/wp-content\/uploads\/2022\/02\/kadin-1-219x146.png 219w, http:\/\/www.gokkusagi.org.tr\/wp-content\/uploads\/2022\/02\/kadin-1-50x33.png 50w, http:\/\/www.gokkusagi.org.tr\/wp-content\/uploads\/2022\/02\/kadin-1-113x75.png 113w\" sizes=\"(max-width: 630px) 100vw, 630px\" \/>\t\t\t\t\t\t\t\t\t\t\t\t\t\t\t<\/div>\n\t\t\t\t<\/div>\n\t\t\t\t\t<\/div>\n\t\t<\/div>\n\t\t\t\t\t\t\t<\/div>\n\t\t<\/section>\n\t\t\t\t<section class=\"elementor-section elementor-top-section elementor-element elementor-element-a92c64f elementor-section-boxed elementor-section-height-default elementor-section-height-default elementor-invisible\" data-id=\"a92c64f\" data-element_type=\"section\" data-settings=\"{&quot;animation&quot;:&quot;fadeInRight&quot;}\">\n\t\t\t\t\t\t<div class=\"elementor-container elementor-column-gap-default\">\n\t\t\t\t\t<div class=\"elementor-column elementor-col-50 elementor-top-column elementor-element elementor-element-3cb2184\" data-id=\"3cb2184\" data-element_type=\"column\">\n\t\t\t<div class=\"elementor-widget-wrap elementor-element-populated\">\n\t\t\t\t\t\t\t\t<div class=\"elementor-element elementor-element-dd0b66c elementor-widget elementor-widget-text-editor\" data-id=\"dd0b66c\" data-element_type=\"widget\" data-widget_type=\"text-editor.default\">\n\t\t\t\t<div class=\"elementor-widget-container\">\n\t\t\t<style>\/*! elementor - v3.5.6 - 28-02-2022 *\/\n.elementor-widget-text-editor.elementor-drop-cap-view-stacked .elementor-drop-cap{background-color:#818a91;color:#fff}.elementor-widget-text-editor.elementor-drop-cap-view-framed .elementor-drop-cap{color:#818a91;border:3px solid;background-color:transparent}.elementor-widget-text-editor:not(.elementor-drop-cap-view-default) .elementor-drop-cap{margin-top:8px}.elementor-widget-text-editor:not(.elementor-drop-cap-view-default) .elementor-drop-cap-letter{width:1em;height:1em}.elementor-widget-text-editor .elementor-drop-cap{float:left;text-align:center;line-height:1;font-size:50px}.elementor-widget-text-editor .elementor-drop-cap-letter{display:inline-block}<\/style>\t\t\t\t<p>Anadolu Kad\u0131n ve Aile Derne\u011fi\u2019nin (AKADDER) Van\u2019da \u201cDe\u011ferler ve Desenler\u201d \u00fcst ba\u015fl\u0131kl\u0131 sempozyum ger\u00e7ekle\u015fti. Anadolu Kad\u0131n ve Aile Derne\u011fi\u2019nin (AKADDER) Van Y\u00fcz\u00fcnc\u00fc Y\u0131l \u00dcniversitesi Kamp\u00fcs\u00fc\u2019nde d\u00fczenledi\u011fi \u201cDe\u011ferler ve Desenler\u201d \u00fcst ba\u015fl\u0131kl\u0131 sempozyum \u00e7ok say\u0131da davetli kat\u0131ld\u0131.<br \/><br \/>2 g\u00fcn s\u00fcren sempozyum selamlama konu\u015fmalar\u0131yla ba\u015flad\u0131. AKADDER Van temsilcisi Feyza Ya\u015far, G\u00f6kku\u015fa\u011f\u0131 Derne\u011fi Ba\u015fkan\u0131 ve Mevl\u00fcde U\u00e7ar birer selamlama konu\u015fmas\u0131 yapt\u0131.<br \/><br \/><\/p>\t\t\t\t\t\t<\/div>\n\t\t\t\t<\/div>\n\t\t\t\t\t<\/div>\n\t\t<\/div>\n\t\t\t\t<div class=\"elementor-column elementor-col-50 elementor-top-column elementor-element elementor-element-28a12f7\" data-id=\"28a12f7\" data-element_type=\"column\">\n\t\t\t<div class=\"elementor-widget-wrap elementor-element-populated\">\n\t\t\t\t\t\t\t\t<div class=\"elementor-element elementor-element-2265249 elementor-widget elementor-widget-text-editor\" data-id=\"2265249\" data-element_type=\"widget\" data-widget_type=\"text-editor.default\">\n\t\t\t\t<div class=\"elementor-widget-container\">\n\t\t\t\t\t\t\t<p>Daha sonra k\u00fcrs\u00fcye Anadolu Platformu \u0130sti\u015fare Kurulu Ba\u015fkan\u0131 Zekeriya \u015eeng\u00f6z gelerek k\u0131sa bir konu\u015fma yapt\u0131. \u015eeng\u00f6z konu\u015fmas\u0131nda, \u201cDe\u011ferlerimize sahip \u00e7\u0131kmak zorunday\u0131z. Aile ve kad\u0131n \u00e7al\u0131\u015fmalar\u0131nda yer alan AKADDER \u00fcyelerinin de\u011ferlerimizi y\u00fcceltmek ve sahip \u00e7\u0131kmak i\u00e7in yo\u011fun gayret sarf ettiklerini ve ciddi emek verdiklerini g\u00f6rmekteyiz. \u00c7al\u0131\u015fmalar\u0131n\u0131zda hepinize kolayl\u0131klar diliyorum. De\u011ferlerimize sahip \u00e7\u0131kmak, y\u00fcceltmek, \u00e7ekirdek aile yap\u0131m\u0131z\u0131 kurmak ve muhafaza etmek bizim \u00f6nceli\u011fimiz olacakt\u0131r in\u015fallah\u201d dedi.<br \/><br \/><\/p>\t\t\t\t\t\t<\/div>\n\t\t\t\t<\/div>\n\t\t\t\t\t<\/div>\n\t\t<\/div>\n\t\t\t\t\t\t\t<\/div>\n\t\t<\/section>\n\t\t\t\t<section class=\"elementor-section elementor-top-section elementor-element elementor-element-f70048a elementor-section-boxed elementor-section-height-default elementor-section-height-default\" data-id=\"f70048a\" data-element_type=\"section\" data-settings=\"{&quot;animation&quot;:&quot;none&quot;}\">\n\t\t\t\t\t\t<div class=\"elementor-container elementor-column-gap-default\">\n\t\t\t\t\t<div class=\"elementor-column elementor-col-50 elementor-top-column elementor-element elementor-element-2f2f23b\" data-id=\"2f2f23b\" data-element_type=\"column\">\n\t\t\t<div class=\"elementor-widget-wrap elementor-element-populated\">\n\t\t\t\t\t\t\t\t<div class=\"elementor-element elementor-element-e98dbe8 elementor-invisible elementor-widget elementor-widget-image\" data-id=\"e98dbe8\" data-element_type=\"widget\" data-settings=\"{&quot;_animation&quot;:&quot;fadeInLeft&quot;}\" data-widget_type=\"image.default\">\n\t\t\t\t<div class=\"elementor-widget-container\">\n\t\t\t\t\t\t\t\t\t\t\t\t\t\t\t<img width=\"630\" height=\"420\" src=\"http:\/\/www.gokkusagi.org.tr\/wp-content\/uploads\/2022\/02\/12.png\" class=\"attachment-large size-large\" alt=\"\" loading=\"lazy\" srcset=\"http:\/\/www.gokkusagi.org.tr\/wp-content\/uploads\/2022\/02\/12.png 630w, http:\/\/www.gokkusagi.org.tr\/wp-content\/uploads\/2022\/02\/12-300x200.png 300w, http:\/\/www.gokkusagi.org.tr\/wp-content\/uploads\/2022\/02\/12-219x146.png 219w, http:\/\/www.gokkusagi.org.tr\/wp-content\/uploads\/2022\/02\/12-50x33.png 50w, http:\/\/www.gokkusagi.org.tr\/wp-content\/uploads\/2022\/02\/12-113x75.png 113w\" sizes=\"(max-width: 630px) 100vw, 630px\" \/>\t\t\t\t\t\t\t\t\t\t\t\t\t\t\t<\/div>\n\t\t\t\t<\/div>\n\t\t\t\t\t<\/div>\n\t\t<\/div>\n\t\t\t\t<div class=\"elementor-column elementor-col-50 elementor-top-column elementor-element elementor-element-2fa8bde\" data-id=\"2fa8bde\" data-element_type=\"column\">\n\t\t\t<div class=\"elementor-widget-wrap elementor-element-populated\">\n\t\t\t\t\t\t\t\t<div class=\"elementor-element elementor-element-a1e57ec elementor-invisible elementor-widget elementor-widget-image\" data-id=\"a1e57ec\" data-element_type=\"widget\" data-settings=\"{&quot;_animation&quot;:&quot;fadeInRight&quot;}\" data-widget_type=\"image.default\">\n\t\t\t\t<div class=\"elementor-widget-container\">\n\t\t\t\t\t\t\t\t\t\t\t\t\t\t\t<img width=\"1024\" height=\"682\" src=\"http:\/\/www.gokkusagi.org.tr\/wp-content\/uploads\/2022\/02\/kad-1024x682.jpg\" class=\"attachment-large size-large\" alt=\"\" loading=\"lazy\" srcset=\"http:\/\/www.gokkusagi.org.tr\/wp-content\/uploads\/2022\/02\/kad-1024x682.jpg 1024w, http:\/\/www.gokkusagi.org.tr\/wp-content\/uploads\/2022\/02\/kad-300x200.jpg 300w, http:\/\/www.gokkusagi.org.tr\/wp-content\/uploads\/2022\/02\/kad-768x512.jpg 768w, http:\/\/www.gokkusagi.org.tr\/wp-content\/uploads\/2022\/02\/kad-219x146.jpg 219w, http:\/\/www.gokkusagi.org.tr\/wp-content\/uploads\/2022\/02\/kad-50x33.jpg 50w, http:\/\/www.gokkusagi.org.tr\/wp-content\/uploads\/2022\/02\/kad-113x75.jpg 113w, http:\/\/www.gokkusagi.org.tr\/wp-content\/uploads\/2022\/02\/kad.jpg 1379w\" sizes=\"(max-width: 1024px) 100vw, 1024px\" \/>\t\t\t\t\t\t\t\t\t\t\t\t\t\t\t<\/div>\n\t\t\t\t<\/div>\n\t\t\t\t\t<\/div>\n\t\t<\/div>\n\t\t\t\t\t\t\t<\/div>\n\t\t<\/section>\n\t\t\t\t<section class=\"elementor-section elementor-top-section elementor-element elementor-element-7d35c17 elementor-section-boxed elementor-section-height-default elementor-section-height-default elementor-invisible\" data-id=\"7d35c17\" data-element_type=\"section\" data-settings=\"{&quot;animation&quot;:&quot;fadeInRight&quot;}\">\n\t\t\t\t\t\t<div class=\"elementor-container elementor-column-gap-default\">\n\t\t\t\t\t<div class=\"elementor-column elementor-col-100 elementor-top-column elementor-element elementor-element-9522abb\" data-id=\"9522abb\" data-element_type=\"column\">\n\t\t\t<div class=\"elementor-widget-wrap elementor-element-populated\">\n\t\t\t\t\t\t\t\t<div class=\"elementor-element elementor-element-063ac73 elementor-widget elementor-widget-text-editor\" data-id=\"063ac73\" data-element_type=\"widget\" data-widget_type=\"text-editor.default\">\n\t\t\t\t<div class=\"elementor-widget-container\">\n\t\t\t\t\t\t\t<p>Giydirdi\u011fi k\u0131yafetlerle, ziyaret etti\u011fi yetimle, da\u011f\u0131tt\u0131\u011f\u0131 erzakla garip guraban\u0131n \u00fczerinde hakimiyet kurmaya \u00e7al\u0131\u015fan ya da minnettar b\u0131rakan bir anlay\u0131\u015f de\u011fil, as\u0131l yard\u0131ma ve iyili\u011fe bizim muhta\u00e7 oldu\u011fumuzu bilen, onlar\u0131n da bize vesile oldu\u011funu bilen bir anlay\u0131\u015f\u0131 ar\u0131yoruz.<br \/><br \/>\u00c7ok yara ald\u0131k, \u00e7ok incindik. \u0130ncindi\u011fimiz yer en \u00e7ok g\u00fc\u00e7lendi\u011fimiz yer olmal\u0131. \u00d6yle bir iple ba\u011flanmal\u0131y\u0131z ki k\u0131r\u0131ld\u0131\u011f\u0131m\u0131z yerden eskisinden daha g\u00fc\u00e7l\u00fc, eskisinden daha da kuvvetli olmal\u0131. Bu \u00fclkenin her yerinden gelen bunca yazar, emek veren kad\u0131n, Platform\u2019un y\u00f6netimi, isti\u015faresi geldik burada selam verdik.<br \/><br \/>Van\u2019a gelip buran\u0131n insan\u0131na, halk\u0131na, esnaf\u0131na, gencine, \u00e7ocu\u011funa selam vermenin bir de\u011feri ve kar\u015f\u0131l\u0131\u011f\u0131 olmal\u0131. Selam ve \u0130slam kuru kuruya bar\u0131\u015f ve esenlik dilemek de\u011fildir. Bu bar\u0131\u015f ve esenli\u011fi insanl\u0131\u011fa ula\u015ft\u0131rmak i\u00e7in bir \u00e7aba ve gayret i\u00e7erisinde olmak demektir. Ne kadar zorlu s\u00fcre\u00e7ten ge\u00e7ersek ge\u00e7elim bu toplumda hikmet ve akl\u0131 selimin yak\u0131n gelecekte galip olaca\u011f\u0131na inan\u0131yoruz.<br \/><br \/><\/p>\t\t\t\t\t\t<\/div>\n\t\t\t\t<\/div>\n\t\t\t\t\t<\/div>\n\t\t<\/div>\n\t\t\t\t\t\t\t<\/div>\n\t\t<\/section>\n\t\t\t\t<section class=\"elementor-section elementor-top-section elementor-element elementor-element-b7ea54b elementor-section-boxed elementor-section-height-default elementor-section-height-default\" data-id=\"b7ea54b\" data-element_type=\"section\">\n\t\t\t\t\t\t<div class=\"elementor-container elementor-column-gap-default\">\n\t\t\t\t\t<div class=\"elementor-column elementor-col-50 elementor-top-column elementor-element elementor-element-e3f9e26\" data-id=\"e3f9e26\" data-element_type=\"column\">\n\t\t\t<div class=\"elementor-widget-wrap elementor-element-populated\">\n\t\t\t\t\t\t\t\t<div class=\"elementor-element elementor-element-3480dae elementor-invisible elementor-widget elementor-widget-image\" data-id=\"3480dae\" data-element_type=\"widget\" data-settings=\"{&quot;_animation&quot;:&quot;fadeInLeft&quot;}\" data-widget_type=\"image.default\">\n\t\t\t\t<div class=\"elementor-widget-container\">\n\t\t\t\t\t\t\t\t\t\t\t\t\t\t\t<img width=\"1024\" height=\"683\" src=\"http:\/\/www.gokkusagi.org.tr\/wp-content\/uploads\/2022\/02\/sdgsdgs-1024x683.jpg\" class=\"attachment-large size-large\" alt=\"\" loading=\"lazy\" srcset=\"http:\/\/www.gokkusagi.org.tr\/wp-content\/uploads\/2022\/02\/sdgsdgs-1024x683.jpg 1024w, http:\/\/www.gokkusagi.org.tr\/wp-content\/uploads\/2022\/02\/sdgsdgs-300x200.jpg 300w, http:\/\/www.gokkusagi.org.tr\/wp-content\/uploads\/2022\/02\/sdgsdgs-768x512.jpg 768w, http:\/\/www.gokkusagi.org.tr\/wp-content\/uploads\/2022\/02\/sdgsdgs-219x146.jpg 219w, http:\/\/www.gokkusagi.org.tr\/wp-content\/uploads\/2022\/02\/sdgsdgs-50x33.jpg 50w, http:\/\/www.gokkusagi.org.tr\/wp-content\/uploads\/2022\/02\/sdgsdgs-112x75.jpg 112w, http:\/\/www.gokkusagi.org.tr\/wp-content\/uploads\/2022\/02\/sdgsdgs.jpg 1379w\" sizes=\"(max-width: 1024px) 100vw, 1024px\" \/>\t\t\t\t\t\t\t\t\t\t\t\t\t\t\t<\/div>\n\t\t\t\t<\/div>\n\t\t\t\t\t<\/div>\n\t\t<\/div>\n\t\t\t\t<div class=\"elementor-column elementor-col-50 elementor-top-column elementor-element elementor-element-a8dd11f\" data-id=\"a8dd11f\" data-element_type=\"column\">\n\t\t\t<div class=\"elementor-widget-wrap elementor-element-populated\">\n\t\t\t\t\t\t\t\t<div class=\"elementor-element elementor-element-94bf4ce elementor-invisible elementor-widget elementor-widget-image\" data-id=\"94bf4ce\" data-element_type=\"widget\" data-settings=\"{&quot;_animation&quot;:&quot;fadeInRight&quot;}\" data-widget_type=\"image.default\">\n\t\t\t\t<div class=\"elementor-widget-container\">\n\t\t\t\t\t\t\t\t\t\t\t\t\t\t\t<img width=\"1024\" height=\"683\" src=\"http:\/\/www.gokkusagi.org.tr\/wp-content\/uploads\/2022\/02\/ewefczfdsf-1024x683.jpg\" class=\"attachment-large size-large\" alt=\"\" loading=\"lazy\" srcset=\"http:\/\/www.gokkusagi.org.tr\/wp-content\/uploads\/2022\/02\/ewefczfdsf-1024x683.jpg 1024w, http:\/\/www.gokkusagi.org.tr\/wp-content\/uploads\/2022\/02\/ewefczfdsf-300x200.jpg 300w, http:\/\/www.gokkusagi.org.tr\/wp-content\/uploads\/2022\/02\/ewefczfdsf-768x512.jpg 768w, http:\/\/www.gokkusagi.org.tr\/wp-content\/uploads\/2022\/02\/ewefczfdsf-219x146.jpg 219w, http:\/\/www.gokkusagi.org.tr\/wp-content\/uploads\/2022\/02\/ewefczfdsf-50x33.jpg 50w, http:\/\/www.gokkusagi.org.tr\/wp-content\/uploads\/2022\/02\/ewefczfdsf-112x75.jpg 112w, http:\/\/www.gokkusagi.org.tr\/wp-content\/uploads\/2022\/02\/ewefczfdsf.jpg 1379w\" sizes=\"(max-width: 1024px) 100vw, 1024px\" \/>\t\t\t\t\t\t\t\t\t\t\t\t\t\t\t<\/div>\n\t\t\t\t<\/div>\n\t\t\t\t\t<\/div>\n\t\t<\/div>\n\t\t\t\t\t\t\t<\/div>\n\t\t<\/section>\n\t\t\t\t<section class=\"elementor-section elementor-top-section elementor-element elementor-element-40044a1 elementor-section-boxed elementor-section-height-default elementor-section-height-default elementor-invisible\" data-id=\"40044a1\" data-element_type=\"section\" data-settings=\"{&quot;animation&quot;:&quot;fadeInUp&quot;}\">\n\t\t\t\t\t\t<div class=\"elementor-container elementor-column-gap-default\">\n\t\t\t\t\t<div class=\"elementor-column elementor-col-100 elementor-top-column elementor-element elementor-element-f3ffcb2\" data-id=\"f3ffcb2\" data-element_type=\"column\">\n\t\t\t<div class=\"elementor-widget-wrap elementor-element-populated\">\n\t\t\t\t\t\t\t\t<div class=\"elementor-element elementor-element-5eb2f6b elementor-shape-rounded elementor-grid-0 e-grid-align-center elementor-widget elementor-widget-social-icons\" data-id=\"5eb2f6b\" data-element_type=\"widget\" data-widget_type=\"social-icons.default\">\n\t\t\t\t<div class=\"elementor-widget-container\">\n\t\t\t<style>\/*! elementor - v3.5.6 - 28-02-2022 *\/\n.elementor-widget-social-icons.elementor-grid-0 .elementor-widget-container,.elementor-widget-social-icons.elementor-grid-mobile-0 .elementor-widget-container,.elementor-widget-social-icons.elementor-grid-tablet-0 .elementor-widget-container{line-height:1;font-size:0}.elementor-widget-social-icons:not(.elementor-grid-0):not(.elementor-grid-tablet-0):not(.elementor-grid-mobile-0) .elementor-grid{display:inline-grid}.elementor-widget-social-icons .elementor-grid{grid-column-gap:var(--grid-column-gap,5px);grid-row-gap:var(--grid-row-gap,5px);grid-template-columns:var(--grid-template-columns);-webkit-box-pack:var(--justify-content,center);-ms-flex-pack:var(--justify-content,center);justify-content:var(--justify-content,center);justify-items:var(--justify-content,center)}.elementor-icon.elementor-social-icon{font-size:var(--icon-size,25px);line-height:var(--icon-size,25px);width:calc(var(--icon-size, 25px) + (2 * var(--icon-padding, .5em)));height:calc(var(--icon-size, 25px) + (2 * var(--icon-padding, .5em)))}.elementor-social-icon{--e-social-icon-icon-color:#fff;display:-webkit-inline-box;display:-ms-inline-flexbox;display:inline-flex;background-color:#818a91;-webkit-box-align:center;-ms-flex-align:center;align-items:center;-webkit-box-pack:center;-ms-flex-pack:center;justify-content:center;text-align:center;cursor:pointer}.elementor-social-icon i{color:var(--e-social-icon-icon-color)}.elementor-social-icon svg{fill:var(--e-social-icon-icon-color)}.elementor-social-icon:last-child{margin:0}.elementor-social-icon:hover{opacity:.9;color:#fff}.elementor-social-icon-android{background-color:#a4c639}.elementor-social-icon-apple{background-color:#999}.elementor-social-icon-behance{background-color:#1769ff}.elementor-social-icon-bitbucket{background-color:#205081}.elementor-social-icon-codepen{background-color:#000}.elementor-social-icon-delicious{background-color:#39f}.elementor-social-icon-deviantart{background-color:#05cc47}.elementor-social-icon-digg{background-color:#005be2}.elementor-social-icon-dribbble{background-color:#ea4c89}.elementor-social-icon-elementor{background-color:#d30c5c}.elementor-social-icon-envelope{background-color:#ea4335}.elementor-social-icon-facebook,.elementor-social-icon-facebook-f{background-color:#3b5998}.elementor-social-icon-flickr{background-color:#0063dc}.elementor-social-icon-foursquare{background-color:#2d5be3}.elementor-social-icon-free-code-camp,.elementor-social-icon-freecodecamp{background-color:#006400}.elementor-social-icon-github{background-color:#333}.elementor-social-icon-gitlab{background-color:#e24329}.elementor-social-icon-globe{background-color:#818a91}.elementor-social-icon-google-plus,.elementor-social-icon-google-plus-g{background-color:#dd4b39}.elementor-social-icon-houzz{background-color:#7ac142}.elementor-social-icon-instagram{background-color:#262626}.elementor-social-icon-jsfiddle{background-color:#487aa2}.elementor-social-icon-link{background-color:#818a91}.elementor-social-icon-linkedin,.elementor-social-icon-linkedin-in{background-color:#0077b5}.elementor-social-icon-medium{background-color:#00ab6b}.elementor-social-icon-meetup{background-color:#ec1c40}.elementor-social-icon-mixcloud{background-color:#273a4b}.elementor-social-icon-odnoklassniki{background-color:#f4731c}.elementor-social-icon-pinterest{background-color:#bd081c}.elementor-social-icon-product-hunt{background-color:#da552f}.elementor-social-icon-reddit{background-color:#ff4500}.elementor-social-icon-rss{background-color:#f26522}.elementor-social-icon-shopping-cart{background-color:#4caf50}.elementor-social-icon-skype{background-color:#00aff0}.elementor-social-icon-slideshare{background-color:#0077b5}.elementor-social-icon-snapchat{background-color:#fffc00}.elementor-social-icon-soundcloud{background-color:#f80}.elementor-social-icon-spotify{background-color:#2ebd59}.elementor-social-icon-stack-overflow{background-color:#fe7a15}.elementor-social-icon-steam{background-color:#00adee}.elementor-social-icon-stumbleupon{background-color:#eb4924}.elementor-social-icon-telegram{background-color:#2ca5e0}.elementor-social-icon-thumb-tack{background-color:#1aa1d8}.elementor-social-icon-tripadvisor{background-color:#589442}.elementor-social-icon-tumblr{background-color:#35465c}.elementor-social-icon-twitch{background-color:#6441a5}.elementor-social-icon-twitter{background-color:#1da1f2}.elementor-social-icon-viber{background-color:#665cac}.elementor-social-icon-vimeo{background-color:#1ab7ea}.elementor-social-icon-vk{background-color:#45668e}.elementor-social-icon-weibo{background-color:#dd2430}.elementor-social-icon-weixin{background-color:#31a918}.elementor-social-icon-whatsapp{background-color:#25d366}.elementor-social-icon-wordpress{background-color:#21759b}.elementor-social-icon-xing{background-color:#026466}.elementor-social-icon-yelp{background-color:#af0606}.elementor-social-icon-youtube{background-color:#cd201f}.elementor-social-icon-500px{background-color:#0099e5}.elementor-shape-rounded .elementor-icon.elementor-social-icon{-webkit-border-radius:10%;border-radius:10%}.elementor-shape-circle .elementor-icon.elementor-social-icon{-webkit-border-radius:50%;border-radius:50%}<\/style>\t\t<div class=\"elementor-social-icons-wrapper elementor-grid\">\n\t\t\t\t\t\t\t<span class=\"elementor-grid-item\">\n\t\t\t\t\t<a class=\"elementor-icon elementor-social-icon elementor-social-icon-facebook elementor-repeater-item-a5b7e40\" href=\"https:\/\/www.facebook.com\/gokkusagivan\" target=\"_blank\">\n\t\t\t\t\t\t<span class=\"elementor-screen-only\">Facebook<\/span>\n\t\t\t\t\t\t<i class=\"fab fa-facebook\"><\/i>\t\t\t\t\t<\/a>\n\t\t\t\t<\/span>\n\t\t\t\t\t\t\t<span class=\"elementor-grid-item\">\n\t\t\t\t\t<a class=\"elementor-icon elementor-social-icon elementor-social-icon-twitter elementor-repeater-item-d100de5\" href=\"https:\/\/twitter.com\/gokkusagivan\" target=\"_blank\">\n\t\t\t\t\t\t<span class=\"elementor-screen-only\">Twitter<\/span>\n\t\t\t\t\t\t<i class=\"fab fa-twitter\"><\/i>\t\t\t\t\t<\/a>\n\t\t\t\t<\/span>\n\t\t\t\t\t\t\t<span class=\"elementor-grid-item\">\n\t\t\t\t\t<a class=\"elementor-icon elementor-social-icon elementor-social-icon-youtube elementor-repeater-item-9dd485d\" href=\"https:\/\/www.youtube.com\/channel\/UCoddqBxOnU0V7VEIanHTl9g\" target=\"_blank\">\n\t\t\t\t\t\t<span class=\"elementor-screen-only\">Youtube<\/span>\n\t\t\t\t\t\t<i class=\"fab fa-youtube\"><\/i>\t\t\t\t\t<\/a>\n\t\t\t\t<\/span>\n\t\t\t\t\t\t\t<span class=\"elementor-grid-item\">\n\t\t\t\t\t<a class=\"elementor-icon elementor-social-icon elementor-social-icon-instagram elementor-repeater-item-90e1564\" href=\"https:\/\/www.instagram.com\/gokkusagivan\/\" target=\"_blank\">\n\t\t\t\t\t\t<span class=\"elementor-screen-only\">Instagram<\/span>\n\t\t\t\t\t\t<i class=\"fab fa-instagram\"><\/i>\t\t\t\t\t<\/a>\n\t\t\t\t<\/span>\n\t\t\t\t\t<\/div>\n\t\t\t\t<\/div>\n\t\t\t\t<\/div>\n\t\t\t\t\t<\/div>\n\t\t<\/div>\n\t\t\t\t\t\t\t<\/div>\n\t\t<\/section>\n\t\t\t\t\t\t<\/div>\n\t\t\t\t\t<\/div>\n\t\t","protected":false},"excerpt":{"rendered":"<p>Anadolu Kad\u0131n ve Aile Derne\u011fi\u2019nin (AKADDER) Van\u2019da \u201cDe\u011ferler ve Desenler\u201d \u00fcst ba\u015fl\u0131kl\u0131 sempozyum ger\u00e7ekle\u015fti. Anadolu Kad\u0131n ve Aile Derne\u011fi\u2019nin (AKADDER) Van Y\u00fcz\u00fcnc\u00fc Y\u0131l \u00dcniversitesi Kamp\u00fcs\u00fc\u2019nde d\u00fczenledi\u011fi<span class=\"excerpt-hellip\"> [\u2026]<\/span><\/p>\n","protected":false},"author":1,"featured_media":0,"parent":0,"menu_order":0,"comment_status":"closed","ping_status":"closed","template":"","meta":[],"_links":{"self":[{"href":"http:\/\/www.gokkusagi.org.tr\/index.php\/wp-json\/wp\/v2\/pages\/628"}],"collection":[{"href":"http:\/\/www.gokkusagi.org.tr\/index.php\/wp-json\/wp\/v2\/pages"}],"about":[{"href":"http:\/\/www.gokkusagi.org.tr\/index.php\/wp-json\/wp\/v2\/types\/page"}],"author":[{"embeddable":true,"href":"http:\/\/www.gokkusagi.org.tr\/index.php\/wp-json\/wp\/v2\/users\/1"}],"replies":[{"embeddable":true,"href":"http:\/\/www.gokkusagi.org.tr\/index.php\/wp-json\/wp\/v2\/comments?post=628"}],"version-history":[{"count":31,"href":"http:\/\/www.gokkusagi.org.tr\/index.php\/wp-json\/wp\/v2\/pages\/628\/revisions"}],"predecessor-version":[{"id":1127,"href":"http:\/\/www.gokkusagi.org.tr\/index.php\/wp-json\/wp\/v2\/pages\/628\/revisions\/1127"}],"wp:attachment":[{"href":"http:\/\/www.gokkusagi.org.tr\/index.php\/wp-json\/wp\/v2\/media?parent=628"}],"curies":[{"name":"wp","href":"https:\/\/api.w.org\/{rel}","templated":true}]}}